{"id":107323,"date":"2023-05-12T12:20:27","date_gmt":"2023-05-12T10:20:27","guid":{"rendered":"https:\/\/curvyberlin.de\/cms\/?post_type=product&#038;p=107323"},"modified":"2023-05-14T21:04:53","modified_gmt":"2023-05-14T19:04:53","slug":"5-kalender-zum-preis-von-4-das-neue-5-jahres-abo","status":"publish","type":"product","link":"https:\/\/curvyberlin.de\/cms\/de\/product\/5-kalender-zum-preis-von-4-das-neue-5-jahres-abo\/","title":{"rendered":"5 Kalender zum Preis von 4: Das neue 5-Jahres-Abo!"},"content":{"rendered":"","protected":false},"excerpt":{"rendered":"<p>Das neue 5-Jahres-Abonnement f\u00fcr den CURVY BERLIN-Kalender ist da:<br \/>\nDu bist schon seit Jahren Fan und Besteller des CURVY BERLIN-Kalenders, m\u00f6chtest den Kalender aber lieber jeden Herbst ganz automatisch erhalten und dabei noch Geld (33 Euro) sparen?<br \/>\nDann empfehlen wir das 5-Jahres-Abonnement des CURVY BERLIN-Kalenders!<\/p>\n<p>Deine Vorteile:<br \/>\n1. Du bekommst 5 Kalender geliefert, bezahlst aber nur 4 \u2013 also nur 132 statt 165 Euro und sparst damit volle 33 Euro!<\/p>\n<p>2. Du gehst nie leer aus: Manche CURVY BERLIN-Kunden erhalten keinen Kalender mehr, wenn dieser bereits ausverkauft ist. Das kann Dir als Abonnent nicht passieren. Du wirst als einer der Ersten beliefert.<\/p>\n<p>3. Du musst nicht jedes Jahre neu bestellen \u2013 denn der Kalender wird Dir f\u00fcnf Jahre lang hintereinander ganz automatisch nach Hause geschickt.<\/p>\n<p>4. Wie so vieles wird auch der Preis des CURVY BERLIN-Kalenders inflationsbedingt immer wieder einmal erh\u00f6ht. Nicht aber f\u00fcr Abonnenten &#8211; einmal bezahlt, l\u00e4uft Dein Abonnement f\u00fcr volle f\u00fcnf Jahre zum alten Preis immer weiter.<\/p>\n","protected":false},"featured_media":107324,"comment_status":"closed","ping_status":"closed","template":"","meta":[],"product_brand":[],"product_cat":[65],"product_tag":[],"class_list":{"0":"post-107323","1":"product","2":"type-product","3":"status-publish","4":"has-post-thumbnail","6":"product_cat-unkategorisiert","7":"product_shipping_class-subscription","9":"first","10":"instock","11":"sold-individually","12":"taxable","13":"shipping-taxable","14":"purchasable","15":"product-type-simple"},"jetpack_sharing_enabled":true,"_links":{"self":[{"href":"https:\/\/curvyberlin.de\/cms\/wp-json\/wp\/v2\/product\/107323","targetHints":{"allow":["GET"]}}],"collection":[{"href":"https:\/\/curvyberlin.de\/cms\/wp-json\/wp\/v2\/product"}],"about":[{"href":"https:\/\/curvyberlin.de\/cms\/wp-json\/wp\/v2\/types\/product"}],"replies":[{"embeddable":true,"href":"https:\/\/curvyberlin.de\/cms\/wp-json\/wp\/v2\/comments?post=107323"}],"wp:featuredmedia":[{"embeddable":true,"href":"https:\/\/curvyberlin.de\/cms\/wp-json\/wp\/v2\/media\/107324"}],"wp:attachment":[{"href":"https:\/\/curvyberlin.de\/cms\/wp-json\/wp\/v2\/media?parent=107323"}],"wp:term":[{"taxonomy":"product_brand","embeddable":true,"href":"https:\/\/curvyberlin.de\/cms\/wp-json\/wp\/v2\/product_brand?post=107323"},{"taxonomy":"product_cat","embeddable":true,"href":"https:\/\/curvyberlin.de\/cms\/wp-json\/wp\/v2\/product_cat?post=107323"},{"taxonomy":"product_tag","embeddable":true,"href":"https:\/\/curvyberlin.de\/cms\/wp-json\/wp\/v2\/product_tag?post=107323"}],"curies":[{"name":"wp","href":"https:\/\/api.w.org\/{rel}","templated":true}]}}