{"id":2006,"date":"2018-10-16T19:23:57","date_gmt":"2018-10-16T17:23:57","guid":{"rendered":"http:\/\/curvyberlin.de\/cms\/?post_type=product&#038;p=2006"},"modified":"2023-08-07T12:06:55","modified_gmt":"2023-08-07T10:06:55","slug":"orsy-special-edition-digital","status":"publish","type":"product","link":"https:\/\/curvyberlin.de\/cms\/de\/product\/orsy-special-edition-digital\/","title":{"rendered":"Orsy &#8211; special edition (digital)"},"content":{"rendered":"<p><span id=\"cch_f2c184aade17eae\" class=\"_mh6 _wsc\"><span class=\"_3oh- _58nk\">Nach dem gro\u00dfen Erfolg mit Laura bekommt nun auch mein diesj\u00e4hriges Titelmodell Orsy ihren eigenen Digital-Bildband &#8211; eine PDF mit den sch\u00f6nsten Bildern dieses einzigartigen Fotomodells!<\/span><\/span><\/p>\n","protected":false},"excerpt":{"rendered":"<p>Digitaler Bildband mit 15 Seiten<\/p>\n","protected":false},"featured_media":2008,"comment_status":"closed","ping_status":"closed","template":"","meta":[],"product_brand":[],"product_cat":[65],"product_tag":[],"class_list":{"0":"post-2006","1":"product","2":"type-product","3":"status-publish","4":"has-post-thumbnail","6":"product_cat-unkategorisiert","8":"first","9":"instock","10":"downloadable","11":"virtual","12":"sold-individually","13":"taxable","14":"purchasable","15":"product-type-simple"},"jetpack_sharing_enabled":true,"_links":{"self":[{"href":"https:\/\/curvyberlin.de\/cms\/wp-json\/wp\/v2\/product\/2006","targetHints":{"allow":["GET"]}}],"collection":[{"href":"https:\/\/curvyberlin.de\/cms\/wp-json\/wp\/v2\/product"}],"about":[{"href":"https:\/\/curvyberlin.de\/cms\/wp-json\/wp\/v2\/types\/product"}],"replies":[{"embeddable":true,"href":"https:\/\/curvyberlin.de\/cms\/wp-json\/wp\/v2\/comments?post=2006"}],"wp:featuredmedia":[{"embeddable":true,"href":"https:\/\/curvyberlin.de\/cms\/wp-json\/wp\/v2\/media\/2008"}],"wp:attachment":[{"href":"https:\/\/curvyberlin.de\/cms\/wp-json\/wp\/v2\/media?parent=2006"}],"wp:term":[{"taxonomy":"product_brand","embeddable":true,"href":"https:\/\/curvyberlin.de\/cms\/wp-json\/wp\/v2\/product_brand?post=2006"},{"taxonomy":"product_cat","embeddable":true,"href":"https:\/\/curvyberlin.de\/cms\/wp-json\/wp\/v2\/product_cat?post=2006"},{"taxonomy":"product_tag","embeddable":true,"href":"https:\/\/curvyberlin.de\/cms\/wp-json\/wp\/v2\/product_tag?post=2006"}],"curies":[{"name":"wp","href":"https:\/\/api.w.org\/{rel}","templated":true}]}}